{"id":351,"date":"2017-12-22T20:06:58","date_gmt":"2017-12-22T19:06:58","guid":{"rendered":"http:\/\/physio-crost.de\/?page_id=351"},"modified":"2017-12-22T21:44:12","modified_gmt":"2017-12-22T20:44:12","slug":"stosswellentherapie","status":"publish","type":"page","link":"https:\/\/physio-crost.de\/?page_id=351","title":{"rendered":"Sto\u00dfwellentherapie"},"content":{"rendered":"<p>Die Sto\u00dfwelle ist eine akustische Welle, die eine hohe Energie an die schmerzende Stelle tr\u00e4gt. Diese Energie f\u00f6rdert die Heilung im Weichgewebe und die regenerativen Prozesse der Knochen. Die Therapie ist eine ideale L\u00f6sung f\u00fcr verschiedene\u00a0 Indikationen, die Schmerzen verursachen und das ganze ohne Nebenwirkungen.<\/p>\n<p>Hier einige Indikationen: \u00a0 \u00a0 \u00a0 \u00a0 \u00a0 \u00a0 \u00a0 \u00a0 \u00a0 \u00a0 \u00a0 \u00a0 \u00a0 \u00a0 \u00a0 \u00a0 \u00a0 \u00a0 \u00a0 \u00a0 \u00a0 \u00a0<a href=\"http:\/\/physio-crost.de\/wp-content\/uploads\/2017\/12\/BTL-6000_Shockwave_Easy_PIC_trolley.jpg\"><img loading=\"lazy\" decoding=\"async\" class=\"size-full wp-image-362 alignright\" src=\"http:\/\/physio-crost.de\/wp-content\/uploads\/2017\/12\/BTL-6000_Shockwave_Easy_PIC_trolley.jpg\" alt=\"\" width=\"270\" height=\"270\" srcset=\"https:\/\/physio-crost.de\/wp-content\/uploads\/2017\/12\/BTL-6000_Shockwave_Easy_PIC_trolley.jpg 270w, https:\/\/physio-crost.de\/wp-content\/uploads\/2017\/12\/BTL-6000_Shockwave_Easy_PIC_trolley-150x150.jpg 150w\" sizes=\"auto, (max-width: 270px) 100vw, 270px\" \/><\/a><\/p>\n<ul>\n<li>Kalkablagerungen ( Schulter )<\/li>\n<li>Karpaltunnelsyndrom<\/li>\n<li>Tennis-Ellbogen<\/li>\n<li>Fersensporn<\/li>\n<li>Patellaspitzensydrom<\/li>\n<li>Achillodynie<\/li>\n<li>Tendopathie<\/li>\n<\/ul>\n<p>&nbsp;<\/p>\n<p>&nbsp;<\/p>\n","protected":false},"excerpt":{"rendered":"<div class=\"slide-text-bg2\"><span>Die Sto\u00dfwelle ist eine akustische Welle, die eine hohe Energie an die schmerzende Stelle tr\u00e4gt. Diese Energie f\u00f6rdert die Heilung im Weichgewebe und die<\/span><\/div>\n<div class=\"slide-btn-area-sm\"><a href=\"https:\/\/physio-crost.de\/?page_id=351\" class=\"slide-btn-sm\">weiterlesen<\/a><\/div>\n","protected":false},"author":1,"featured_media":0,"parent":0,"menu_order":0,"comment_status":"closed","ping_status":"closed","template":"","meta":{"footnotes":""},"class_list":["post-351","page","type-page","status-publish","hentry"],"_links":{"self":[{"href":"https:\/\/physio-crost.de\/index.php?rest_route=\/wp\/v2\/pages\/351","targetHints":{"allow":["GET"]}}],"collection":[{"href":"https:\/\/physio-crost.de\/index.php?rest_route=\/wp\/v2\/pages"}],"about":[{"href":"https:\/\/physio-crost.de\/index.php?rest_route=\/wp\/v2\/types\/page"}],"author":[{"embeddable":true,"href":"https:\/\/physio-crost.de\/index.php?rest_route=\/wp\/v2\/users\/1"}],"replies":[{"embeddable":true,"href":"https:\/\/physio-crost.de\/index.php?rest_route=%2Fwp%2Fv2%2Fcomments&post=351"}],"version-history":[{"count":3,"href":"https:\/\/physio-crost.de\/index.php?rest_route=\/wp\/v2\/pages\/351\/revisions"}],"predecessor-version":[{"id":363,"href":"https:\/\/physio-crost.de\/index.php?rest_route=\/wp\/v2\/pages\/351\/revisions\/363"}],"wp:attachment":[{"href":"https:\/\/physio-crost.de\/index.php?rest_route=%2Fwp%2Fv2%2Fmedia&parent=351"}],"curies":[{"name":"wp","href":"https:\/\/api.w.org\/{rel}","templated":true}]}}