{"id":433,"date":"2018-05-13T19:11:13","date_gmt":"2018-05-13T18:11:13","guid":{"rendered":"http:\/\/physio-crost.de\/?page_id=433"},"modified":"2024-12-15T13:52:22","modified_gmt":"2024-12-15T12:52:22","slug":"ueber-physio-crost","status":"publish","type":"page","link":"https:\/\/physio-crost.de\/","title":{"rendered":"\u00dcber Physio-Crost"},"content":{"rendered":"\n<div class=\"wp-block-group\"><div class=\"wp-block-group__inner-container is-layout-flow wp-block-group-is-layout-flow\">\n<h1 class=\"wp-block-heading\"><\/h1>\n\n\n\n<div class=\"wp-block-columns is-layout-flex wp-container-core-columns-is-layout-9d6595d7 wp-block-columns-is-layout-flex\">\n<div class=\"wp-block-column is-layout-flow wp-block-column-is-layout-flow\"><div class=\"wp-block-image is-resized is-style-default\">\n<figure class=\"aligncenter size-large\"><a href=\"https:\/\/physio-crost.de\/wp-content\/uploads\/2024\/12\/hpf-3218-scaled.jpg\"><img loading=\"lazy\" decoding=\"async\" width=\"683\" height=\"1024\" src=\"https:\/\/physio-crost.de\/wp-content\/uploads\/2024\/12\/hpf-3218-683x1024.jpg\" alt=\"\" class=\"wp-image-684\" style=\"width:259px;height:auto\" srcset=\"https:\/\/physio-crost.de\/wp-content\/uploads\/2024\/12\/hpf-3218-683x1024.jpg 683w, https:\/\/physio-crost.de\/wp-content\/uploads\/2024\/12\/hpf-3218-200x300.jpg 200w, https:\/\/physio-crost.de\/wp-content\/uploads\/2024\/12\/hpf-3218-768x1152.jpg 768w, https:\/\/physio-crost.de\/wp-content\/uploads\/2024\/12\/hpf-3218-1024x1536.jpg 1024w, https:\/\/physio-crost.de\/wp-content\/uploads\/2024\/12\/hpf-3218-1365x2048.jpg 1365w, https:\/\/physio-crost.de\/wp-content\/uploads\/2024\/12\/hpf-3218-scaled.jpg 1707w\" sizes=\"auto, (max-width: 683px) 100vw, 683px\" \/><\/a><\/figure>\n<\/div><\/div>\n\n\n\n<div class=\"wp-block-column is-layout-flow wp-block-column-is-layout-flow\"><div class=\"wp-block-image is-resized is-style-default\">\n<figure class=\"aligncenter size-full\"><a href=\"https:\/\/physio-crost.de\/wp-content\/uploads\/2011\/11\/cropped-physioverband_logo_072013.jpg\"><img loading=\"lazy\" decoding=\"async\" width=\"512\" height=\"512\" src=\"https:\/\/physio-crost.de\/wp-content\/uploads\/2011\/11\/cropped-physioverband_logo_072013.jpg\" alt=\"\" class=\"wp-image-297\" style=\"width:356px;height:auto\" srcset=\"https:\/\/physio-crost.de\/wp-content\/uploads\/2011\/11\/cropped-physioverband_logo_072013.jpg 512w, https:\/\/physio-crost.de\/wp-content\/uploads\/2011\/11\/cropped-physioverband_logo_072013-150x150.jpg 150w, https:\/\/physio-crost.de\/wp-content\/uploads\/2011\/11\/cropped-physioverband_logo_072013-300x300.jpg 300w, https:\/\/physio-crost.de\/wp-content\/uploads\/2011\/11\/cropped-physioverband_logo_072013-270x270.jpg 270w, https:\/\/physio-crost.de\/wp-content\/uploads\/2011\/11\/cropped-physioverband_logo_072013-192x192.jpg 192w, https:\/\/physio-crost.de\/wp-content\/uploads\/2011\/11\/cropped-physioverband_logo_072013-180x180.jpg 180w, https:\/\/physio-crost.de\/wp-content\/uploads\/2011\/11\/cropped-physioverband_logo_072013-32x32.jpg 32w\" sizes=\"auto, (max-width: 512px) 100vw, 512px\" \/><\/a><\/figure>\n<\/div><\/div>\n<\/div>\n\n\n\n<p><strong>*** Neuigkeiten ***<\/strong><\/p>\n\n\n\n<p class=\"has-vivid-green-cyan-color has-text-color has-link-color wp-elements-395ebefc781f3a4d242ba90dad23428e\">Suche Physiotherapeut w\/m\/d<\/p>\n\n\n\n<p>========&nbsp;<\/p>\n\n\n\n<p>Heilpraktiker f\u00fcr Physiotherapie<\/p>\n\n\n\n<p>Normalerweise f\u00fchrt der erste Gang des Patienten zum Arzt, der dann ein Rezept f\u00fcr den Physio\u00adtherapeuten ausstellt. Durch die Zusatzqualifikation des sektoralen Heilpraktikers (Physiotherapie) darf die Krankheitsdiagnose vom Physiotherapeuten vorgenommen werden. Diagnose und Therapie finden also unter einem Dach statt. So spart man sich den Weg zum Arzt, und Sie kommen bei akuten Beschwerden direkt in die Physiotherapie-Praxis. Ist die Befundlage unklar, werden Sie nat\u00fcrlich trotzdem zu einem Facharzt weiter geleitet, um das Krankheitsbild dort weiter abkl\u00e4ren zu lassen.<br><br>Nat\u00fcrlich behandeln wir auch weiterhin Verordnungen aller Krankenkassen.<\/p>\n\n\n\n<p>Die Praxis liegt nur ca. 7 km von Fulda Richtung Rh\u00f6n. Von der Autobahn A7 Anschlussstelle Fulda- Mitte sind es nur 5 Minuten nach Dipperz.<\/p>\n\n\n\n<p>Es stehen ausreichend Parkpl\u00e4tze vor der Praxis zu Verf\u00fcgung.<\/p>\n\n\n\n<p>Durch unsere breitgef\u00e4cherten Qualifikationen sind wir Ansprechpartner in vielen Fachbereichen.<\/p>\n<\/div><\/div>\n\n\n\n<p><\/p>\n\n\n\n<p><\/p>\n\n\n\n<div class=\"wp-block-columns is-layout-flex wp-container-core-columns-is-layout-9d6595d7 wp-block-columns-is-layout-flex\">\n<div class=\"wp-block-column is-layout-flow wp-block-column-is-layout-flow\">\n<h3 class=\"wp-block-heading\"><span style=\"background-color:rgba(0, 0, 0, 0)\" class=\"has-inline-color has-black-color\">Physiotherapie<\/span><\/h3>\n\n\n\n<p>Wir bieten ein breites Spektrum an Behandlungen an. Zu Ihnen nach Hause kommen wir auch.<\/p>\n<\/div>\n\n\n\n<div class=\"wp-block-column is-layout-flow wp-block-column-is-layout-flow\">\n<h3 class=\"wp-block-heading\"><span style=\"background-color:rgba(0, 0, 0, 0)\" class=\"has-inline-color has-black-color\">Sto\u00dfwellentherapie<\/span><\/h3>\n\n\n\n<p>Die Sto\u00dfwelle ist eine akustische Welle, die eine hohe Energie an die schmerzende Stelle tr\u00e4gt. Diese Energie f\u00f6rdert die Heilung im Weichgewebe und die regenerativen Prozesse der Knochen.<\/p>\n<\/div>\n\n\n\n<div class=\"wp-block-column is-layout-flow wp-block-column-is-layout-flow\">\n<h3 class=\"wp-block-heading\"><span style=\"background-color:rgba(0, 0, 0, 0)\" class=\"has-inline-color has-black-color\">Kurse<\/span><\/h3>\n\n\n\n<p>Wir bieten den Gesundheitszirkel Pr\u00e4ventions-Park an mit den Ger\u00e4ten von Dr. Wolff.<\/p>\n<\/div>\n<\/div>\n\n\n\n<p><\/p>\n","protected":false},"excerpt":{"rendered":"<div class=\"slide-text-bg2\"><span>*** Neuigkeiten *** Suche Physiotherapeut w\/m\/d ========&nbsp; Heilpraktiker f\u00fcr Physiotherapie Normalerweise f\u00fchrt der erste Gang des Patienten zum Arzt<\/span><\/div>\n<div class=\"slide-btn-area-sm\"><a href=\"https:\/\/physio-crost.de\/\" class=\"slide-btn-sm\">weiterlesen<\/a><\/div>\n","protected":false},"author":1,"featured_media":0,"parent":0,"menu_order":0,"comment_status":"closed","ping_status":"closed","template":"","meta":{"footnotes":""},"class_list":["post-433","page","type-page","status-publish","hentry"],"_links":{"self":[{"href":"https:\/\/physio-crost.de\/index.php?rest_route=\/wp\/v2\/pages\/433","targetHints":{"allow":["GET"]}}],"collection":[{"href":"https:\/\/physio-crost.de\/index.php?rest_route=\/wp\/v2\/pages"}],"about":[{"href":"https:\/\/physio-crost.de\/index.php?rest_route=\/wp\/v2\/types\/page"}],"author":[{"embeddable":true,"href":"https:\/\/physio-crost.de\/index.php?rest_route=\/wp\/v2\/users\/1"}],"replies":[{"embeddable":true,"href":"https:\/\/physio-crost.de\/index.php?rest_route=%2Fwp%2Fv2%2Fcomments&post=433"}],"version-history":[{"count":44,"href":"https:\/\/physio-crost.de\/index.php?rest_route=\/wp\/v2\/pages\/433\/revisions"}],"predecessor-version":[{"id":686,"href":"https:\/\/physio-crost.de\/index.php?rest_route=\/wp\/v2\/pages\/433\/revisions\/686"}],"wp:attachment":[{"href":"https:\/\/physio-crost.de\/index.php?rest_route=%2Fwp%2Fv2%2Fmedia&parent=433"}],"curies":[{"name":"wp","href":"https:\/\/api.w.org\/{rel}","templated":true}]}}